{"id":3060,"date":"2024-11-28T09:54:40","date_gmt":"2024-11-28T09:54:40","guid":{"rendered":"https:\/\/dondimiprints.com\/index.php\/product\/waterman-hemisphere-stainless-ct-roller-ball-pen\/"},"modified":"2025-09-29T22:05:42","modified_gmt":"2025-09-29T22:05:42","slug":"waterman-hemisphere-stainless-ct-roller-ball-pen","status":"publish","type":"product","link":"https:\/\/dondimiprints.com\/index.php\/product\/waterman-hemisphere-stainless-ct-roller-ball-pen\/","title":{"rendered":"Waterman H\u00e9misph\u00e8re Stainless CT Roller Ball Pen"},"content":{"rendered":"<p>Customers and employees alike will love the Waterman H\u00e9misph\u00e8re Stainless pen. The rollerball design offers smooth, precise writing and the stainless finish exudes an appealing elegance. With your name printed on the cap, it makes for a wonderful giveaway at any corporate occasion. Metal Cap off to write Nickel palladium plated clip and trim Fine point rollerball tip Gift box included Screen-printed decoration Item size: 0.45&#8243; W x 5.2&#8243; H Imprint area:1.5&#8243; W x 0.25&#8243; H (1 color max.) Imprint:Cap: 2 lines \/ 16 characters per line Imprint charges: $24.95 set up charge<\/p>\n","protected":false},"excerpt":{"rendered":"<p>Customers and employees alike will love the Waterman H\u00e9misph\u00e8re Stainless pen. The rollerball design offers smooth, precise writing and the [&hellip;]<\/p>\n","protected":false},"featured_media":3059,"comment_status":"open","ping_status":"closed","template":"","meta":{"site-sidebar-layout":"default","site-content-layout":"","ast-site-content-layout":"","site-content-style":"default","site-sidebar-style":"default","ast-global-header-display":"","ast-banner-title-visibility":"","ast-main-header-display":"","ast-hfb-above-header-display":"","ast-hfb-below-header-display":"","ast-hfb-mobile-header-display":"","site-post-title":"","ast-breadcrumbs-content":"","ast-featured-img":"","footer-sml-layout":"","theme-transparent-header-meta":"","adv-header-id-meta":"","stick-header-meta":"","header-above-stick-meta":"","header-main-stick-meta":"","header-below-stick-meta":"","astra-migrate-meta-layouts":"default","ast-page-background-enabled":"default","ast-page-background-meta":{"desktop":{"background-color":"var(--ast-global-color-4)","background-image":"","background-repeat":"repeat","background-position":"center center","background-size":"auto","background-attachment":"scroll","background-type":"","background-media":"","overlay-type":"","overlay-color":"","overlay-opacity":"","overlay-gradient":""},"tablet":{"background-color":"","background-image":"","background-repeat":"repeat","background-position":"center center","background-size":"auto","background-attachment":"scroll","background-type":"","background-media":"","overlay-type":"","overlay-color":"","overlay-opacity":"","overlay-gradient":""},"mobile":{"background-color":"","background-image":"","background-repeat":"repeat","background-position":"center center","background-size":"auto","background-attachment":"scroll","background-type":"","background-media":"","overlay-type":"","overlay-color":"","overlay-opacity":"","overlay-gradient":""}},"ast-content-background-meta":{"desktop":{"background-color":"var(--ast-global-color-5)","background-image":"","background-repeat":"repeat","background-position":"center center","background-size":"auto","background-attachment":"scroll","background-type":"","background-media":"","overlay-type":"","overlay-color":"","overlay-opacity":"","overlay-gradient":""},"tablet":{"background-color":"var(--ast-global-color-5)","background-image":"","background-repeat":"repeat","background-position":"center center","background-size":"auto","background-attachment":"scroll","background-type":"","background-media":"","overlay-type":"","overlay-color":"","overlay-opacity":"","overlay-gradient":""},"mobile":{"background-color":"var(--ast-global-color-5)","background-image":"","background-repeat":"repeat","background-position":"center center","background-size":"auto","background-attachment":"scroll","background-type":"","background-media":"","overlay-type":"","overlay-color":"","overlay-opacity":"","overlay-gradient":""}}},"product_cat":[15],"product_tag":[],"class_list":{"0":"post-3060","1":"product","2":"type-product","3":"status-publish","4":"has-post-thumbnail","6":"product_cat-uncategorized","7":"desktop-align-left","8":"tablet-align-left","9":"mobile-align-left","11":"first","12":"instock","13":"shipping-taxable","14":"product-type-external"},"_links":{"self":[{"href":"https:\/\/dondimiprints.com\/index.php\/wp-json\/wp\/v2\/product\/3060","targetHints":{"allow":["GET"]}}],"collection":[{"href":"https:\/\/dondimiprints.com\/index.php\/wp-json\/wp\/v2\/product"}],"about":[{"href":"https:\/\/dondimiprints.com\/index.php\/wp-json\/wp\/v2\/types\/product"}],"replies":[{"embeddable":true,"href":"https:\/\/dondimiprints.com\/index.php\/wp-json\/wp\/v2\/comments?post=3060"}],"wp:featuredmedia":[{"embeddable":true,"href":"https:\/\/dondimiprints.com\/index.php\/wp-json\/wp\/v2\/media\/3059"}],"wp:attachment":[{"href":"https:\/\/dondimiprints.com\/index.php\/wp-json\/wp\/v2\/media?parent=3060"}],"wp:term":[{"taxonomy":"product_cat","embeddable":true,"href":"https:\/\/dondimiprints.com\/index.php\/wp-json\/wp\/v2\/product_cat?post=3060"},{"taxonomy":"product_tag","embeddable":true,"href":"https:\/\/dondimiprints.com\/index.php\/wp-json\/wp\/v2\/product_tag?post=3060"}],"curies":[{"name":"wp","href":"https:\/\/api.w.org\/{rel}","templated":true}]}}